{"id":4034,"date":"2018-12-20T12:07:08","date_gmt":"2018-12-20T11:07:08","guid":{"rendered":"https:\/\/edunet-poland.pl\/?page_id=4034"},"modified":"2019-03-26T15:34:27","modified_gmt":"2019-03-26T14:34:27","slug":"deutsch","status":"publish","type":"page","link":"https:\/\/edunet-poland.pl\/de\/angebot\/deutsch\/","title":{"rendered":"Pr\u00fcfung Wirtschaftsdeutsch (PWD)"},"content":{"rendered":"<h2>1) Audyt<\/h2>\n<p>Audyt znajomo\u015bci j\u0119zyka niemieckiego og\u00f3lnego, biznesowego i specjalistycznego. Audyt mo\u017ce mie\u0107 charakter poziomuj\u0105cy (A1-C1) lub wybi\u00f3rczy, czyli sprawdzaj\u0105cy konkretne kompetencje (np. obs\u0142ug\u0119 reklamacji w j\u0119zyku niemieckim). Przeprowadzenie audytu mo\u017ce s\u0142u\u017cy\u0107 zweryfikowaniu poziomu znajomo\u015bci j\u0119zyka niemieckiego osoby na konkretnym stanowisku (np. przedstawiciela handlowego, pracownika dzia\u0142u zakup\u00f3w), sprawdzeniu post\u0119p\u00f3w w nauce j\u0119zyka w konkretnym czasie, czy przydzieleniu pracownik\u00f3w do grup nauczania, by lekcje j\u0119zyka obcego by\u0142y bardziej efektywne.<\/p>\n<h2>2) Pr\u00fcfung Wirtschaftsdeutsch (PWD)<\/h2>\n<p>Certyfikat \u201eWirtschaftsdeutsch international\u201d potwierdza znajomo\u015b\u0107 niemieckiego na poziomie \u201eC1\u201d wed\u0142ug Europejskiego Systemu Opisu Kszta\u0142cenia J\u0119zykowego i jest uznawany na ca\u0142ym \u015bwiecie. Do egzaminu PWD mo\u017ce przyst\u0105pi\u0107 ka\u017cdy, kto uko\u0144czy\u0142 18 lat i nie pos\u0142uguje si\u0119 j\u0119zykiem niemieckim jako j\u0119zykiem ojczystym. Uczestnictwo w konkretnym kursie j\u0119zykowym nie jest warunkiem przyst\u0105pienia do egzaminu.<\/p>\n<p>Wi\u0119cej informacji na: <a class=\"external\" href=\"https:\/\/ahk.pl\/pl\/hr-i-szkolenia\/pwd\/\" target=\"_blank\" rel=\"noopener\">https:\/\/ahk.pl\/pl\/hr-i-szkolenia\/pwd\/<\/a><\/p>\n","protected":false},"excerpt":{"rendered":"<p>1) Audyt Audyt znajomo\u015bci j\u0119zyka niemieckiego og\u00f3lnego, biznesowego i specjalistycznego. Audyt mo\u017ce mie\u0107 charakter poziomuj\u0105cy (A1-C1) lub wybi\u00f3rczy, czyli sprawdzaj\u0105cy konkretne kompetencje (np. obs\u0142ug\u0119 reklamacji w j\u0119zyku niemieckim). Przeprowadzenie audytu mo\u017ce s\u0142u\u017cy\u0107 zweryfikowaniu poziomu znajomo\u015bci j\u0119zyka niemieckiego osoby na konkretnym stanowisku (np. przedstawiciela handlowego, pracownika dzia\u0142u zakup\u00f3w), sprawdzeniu post\u0119p\u00f3w w nauce j\u0119zyka w konkretnym czasie,<\/p>\n","protected":false},"author":1,"featured_media":0,"parent":4094,"menu_order":0,"comment_status":"closed","ping_status":"closed","template":"","meta":{"inline_featured_image":false},"yoast_head":"<!-- This site is optimized with the Yoast SEO plugin v19.4 - https:\/\/yoast.com\/wordpress\/plugins\/seo\/ -->\n<title>Deutsch - Pr\u00fcfung Wirtschaftsdeutsch International und Audit<\/title>\n<meta name=\"description\" content=\"Deutschpr\u00fcfung - Pr\u00fcfung Wirtschaftsdeutsch ist weltweit anerkannt und best\u00e4tigt die Gesch\u00e4ftsdeutsch-Kenntnisse auf dem C1-Niveau.\" \/>\n<meta name=\"robots\" content=\"index, follow, max-snippet:-1, max-image-preview:large, max-video-preview:-1\" \/>\n<link rel=\"canonical\" href=\"https:\/\/edunet-poland.pl\/de\/angebot\/deutsch\/\" \/>\n<meta property=\"og:locale\" content=\"de_DE\" \/>\n<meta property=\"og:type\" content=\"article\" \/>\n<meta property=\"og:title\" content=\"Deutsch - Pr\u00fcfung Wirtschaftsdeutsch International und Audit\" \/>\n<meta property=\"og:description\" content=\"Deutschpr\u00fcfung - Pr\u00fcfung Wirtschaftsdeutsch ist weltweit anerkannt und best\u00e4tigt die Gesch\u00e4ftsdeutsch-Kenntnisse auf dem C1-Niveau.\" \/>\n<meta property=\"og:url\" content=\"https:\/\/edunet-poland.pl\/de\/angebot\/deutsch\/\" \/>\n<meta property=\"og:site_name\" content=\"AHK Polen Edunet\" \/>\n<meta property=\"article:modified_time\" content=\"2019-03-26T14:34:27+00:00\" \/>\n<meta name=\"twitter:card\" content=\"summary_large_image\" \/>\n<meta name=\"twitter:label1\" content=\"Gesch\u00e4tzte Lesezeit\" \/>\n\t<meta name=\"twitter:data1\" content=\"1\u00a0Minute\" \/>\n<script type=\"application\/ld+json\" class=\"yoast-schema-graph\">{\"@context\":\"https:\/\/schema.org\",\"@graph\":[{\"@type\":\"WebSite\",\"@id\":\"https:\/\/edunet-poland.pl\/#website\",\"url\":\"https:\/\/edunet-poland.pl\/\",\"name\":\"AHK Polen Edunet\",\"description\":\"Polsko-Niemiecka Izba Przemys\u0142owo-Handlowa\",\"potentialAction\":[{\"@type\":\"SearchAction\",\"target\":{\"@type\":\"EntryPoint\",\"urlTemplate\":\"https:\/\/edunet-poland.pl\/?s={search_term_string}\"},\"query-input\":\"required name=search_term_string\"}],\"inLanguage\":\"de\"},{\"@type\":\"WebPage\",\"@id\":\"https:\/\/edunet-poland.pl\/de\/angebot\/deutsch\/\",\"url\":\"https:\/\/edunet-poland.pl\/de\/angebot\/deutsch\/\",\"name\":\"Deutsch - Pr\u00fcfung Wirtschaftsdeutsch International und Audit\",\"isPartOf\":{\"@id\":\"https:\/\/edunet-poland.pl\/#website\"},\"datePublished\":\"2018-12-20T11:07:08+00:00\",\"dateModified\":\"2019-03-26T14:34:27+00:00\",\"description\":\"Deutschpr\u00fcfung - Pr\u00fcfung Wirtschaftsdeutsch ist weltweit anerkannt und best\u00e4tigt die Gesch\u00e4ftsdeutsch-Kenntnisse auf dem C1-Niveau.\",\"breadcrumb\":{\"@id\":\"https:\/\/edunet-poland.pl\/de\/angebot\/deutsch\/#breadcrumb\"},\"inLanguage\":\"de\",\"potentialAction\":[{\"@type\":\"ReadAction\",\"target\":[\"https:\/\/edunet-poland.pl\/de\/angebot\/deutsch\/\"]}]},{\"@type\":\"BreadcrumbList\",\"@id\":\"https:\/\/edunet-poland.pl\/de\/angebot\/deutsch\/#breadcrumb\",\"itemListElement\":[{\"@type\":\"ListItem\",\"position\":1,\"name\":\"Strona g\u0142\u00f3wna\",\"item\":\"https:\/\/edunet-poland.pl\/de\/\"},{\"@type\":\"ListItem\",\"position\":2,\"name\":\"Angebot\",\"item\":\"https:\/\/edunet-poland.pl\/de\/angebot\/\"},{\"@type\":\"ListItem\",\"position\":3,\"name\":\"Pr\u00fcfung Wirtschaftsdeutsch (PWD)\"}]}]}<\/script>\n<!-- \/ Yoast SEO plugin. -->","yoast_head_json":{"title":"Deutsch - Pr\u00fcfung Wirtschaftsdeutsch International und Audit","description":"Deutschpr\u00fcfung - Pr\u00fcfung Wirtschaftsdeutsch ist weltweit anerkannt und best\u00e4tigt die Gesch\u00e4ftsdeutsch-Kenntnisse auf dem C1-Niveau.","robots":{"index":"index","follow":"follow","max-snippet":"max-snippet:-1","max-image-preview":"max-image-preview:large","max-video-preview":"max-video-preview:-1"},"canonical":"https:\/\/edunet-poland.pl\/de\/angebot\/deutsch\/","og_locale":"de_DE","og_type":"article","og_title":"Deutsch - Pr\u00fcfung Wirtschaftsdeutsch International und Audit","og_description":"Deutschpr\u00fcfung - Pr\u00fcfung Wirtschaftsdeutsch ist weltweit anerkannt und best\u00e4tigt die Gesch\u00e4ftsdeutsch-Kenntnisse auf dem C1-Niveau.","og_url":"https:\/\/edunet-poland.pl\/de\/angebot\/deutsch\/","og_site_name":"AHK Polen Edunet","article_modified_time":"2019-03-26T14:34:27+00:00","twitter_card":"summary_large_image","twitter_misc":{"Gesch\u00e4tzte Lesezeit":"1\u00a0Minute"},"schema":{"@context":"https:\/\/schema.org","@graph":[{"@type":"WebSite","@id":"https:\/\/edunet-poland.pl\/#website","url":"https:\/\/edunet-poland.pl\/","name":"AHK Polen Edunet","description":"Polsko-Niemiecka Izba Przemys\u0142owo-Handlowa","potentialAction":[{"@type":"SearchAction","target":{"@type":"EntryPoint","urlTemplate":"https:\/\/edunet-poland.pl\/?s={search_term_string}"},"query-input":"required name=search_term_string"}],"inLanguage":"de"},{"@type":"WebPage","@id":"https:\/\/edunet-poland.pl\/de\/angebot\/deutsch\/","url":"https:\/\/edunet-poland.pl\/de\/angebot\/deutsch\/","name":"Deutsch - Pr\u00fcfung Wirtschaftsdeutsch International und Audit","isPartOf":{"@id":"https:\/\/edunet-poland.pl\/#website"},"datePublished":"2018-12-20T11:07:08+00:00","dateModified":"2019-03-26T14:34:27+00:00","description":"Deutschpr\u00fcfung - Pr\u00fcfung Wirtschaftsdeutsch ist weltweit anerkannt und best\u00e4tigt die Gesch\u00e4ftsdeutsch-Kenntnisse auf dem C1-Niveau.","breadcrumb":{"@id":"https:\/\/edunet-poland.pl\/de\/angebot\/deutsch\/#breadcrumb"},"inLanguage":"de","potentialAction":[{"@type":"ReadAction","target":["https:\/\/edunet-poland.pl\/de\/angebot\/deutsch\/"]}]},{"@type":"BreadcrumbList","@id":"https:\/\/edunet-poland.pl\/de\/angebot\/deutsch\/#breadcrumb","itemListElement":[{"@type":"ListItem","position":1,"name":"Strona g\u0142\u00f3wna","item":"https:\/\/edunet-poland.pl\/de\/"},{"@type":"ListItem","position":2,"name":"Angebot","item":"https:\/\/edunet-poland.pl\/de\/angebot\/"},{"@type":"ListItem","position":3,"name":"Pr\u00fcfung Wirtschaftsdeutsch (PWD)"}]}]}},"_links":{"self":[{"href":"https:\/\/edunet-poland.pl\/de\/wp-json\/wp\/v2\/pages\/4034"}],"collection":[{"href":"https:\/\/edunet-poland.pl\/de\/wp-json\/wp\/v2\/pages"}],"about":[{"href":"https:\/\/edunet-poland.pl\/de\/wp-json\/wp\/v2\/types\/page"}],"author":[{"embeddable":true,"href":"https:\/\/edunet-poland.pl\/de\/wp-json\/wp\/v2\/users\/1"}],"replies":[{"embeddable":true,"href":"https:\/\/edunet-poland.pl\/de\/wp-json\/wp\/v2\/comments?post=4034"}],"version-history":[{"count":5,"href":"https:\/\/edunet-poland.pl\/de\/wp-json\/wp\/v2\/pages\/4034\/revisions"}],"predecessor-version":[{"id":4398,"href":"https:\/\/edunet-poland.pl\/de\/wp-json\/wp\/v2\/pages\/4034\/revisions\/4398"}],"up":[{"embeddable":true,"href":"https:\/\/edunet-poland.pl\/de\/wp-json\/wp\/v2\/pages\/4094"}],"wp:attachment":[{"href":"https:\/\/edunet-poland.pl\/de\/wp-json\/wp\/v2\/media?parent=4034"}],"curies":[{"name":"wp","href":"https:\/\/api.w.org\/{rel}","templated":true}]}}